{"id":17,"date":"2025-12-05T23:27:24","date_gmt":"2025-12-05T23:27:24","guid":{"rendered":"https:\/\/glitzgondim.adv.br\/?page_id=17"},"modified":"2025-12-06T01:34:12","modified_gmt":"2025-12-06T01:34:12","slug":"responsabilidade-social","status":"publish","type":"page","link":"https:\/\/glitzgondim.adv.br\/en\/responsabilidade-social\/","title":{"rendered":"Social Responsibility"},"content":{"rendered":"<div data-elementor-type=\"wp-page\" data-elementor-id=\"17\" class=\"elementor elementor-17\" data-elementor-post-type=\"page\">\n\t\t\t\t<div class=\"elementor-element elementor-element-84cda3a e-flex e-con-boxed e-con e-parent\" data-id=\"84cda3a\" data-element_type=\"container\" data-e-type=\"container\" data-settings=\"{&quot;background_background&quot;:&quot;classic&quot;}\">\n\t\t\t\t\t<div class=\"e-con-inner\">\n\t\t\t\t<div class=\"elementor-element elementor-element-b7bc5fb animated-slow elementor-invisible elementor-widget elementor-widget-heading\" data-id=\"b7bc5fb\" data-element_type=\"widget\" data-e-type=\"widget\" data-settings=\"{&quot;_animation&quot;:&quot;fadeInUp&quot;}\" data-widget_type=\"heading.default\">\n\t\t\t\t\t<h1 class=\"elementor-heading-title elementor-size-default\">Social Responsibility<\/h1>\t\t\t\t<\/div>\n\t\t\t\t<div class=\"elementor-element elementor-element-9e841b5 animated-slow elementor-widget-divider--view-line elementor-invisible elementor-widget elementor-widget-divider\" data-id=\"9e841b5\" data-element_type=\"widget\" data-e-type=\"widget\" data-settings=\"{&quot;_animation&quot;:&quot;fadeInUp&quot;}\" data-widget_type=\"divider.default\">\n\t\t\t\t\t\t\t<div class=\"elementor-divider\">\n\t\t\t<span class=\"elementor-divider-separator\">\n\t\t\t\t\t\t<\/span>\n\t\t<\/div>\n\t\t\t\t\t\t<\/div>\n\t\t\t\t\t<\/div>\n\t\t\t\t<\/div>\n\t\t<div class=\"elementor-element elementor-element-9736cd6 e-flex e-con-boxed e-con e-parent\" data-id=\"9736cd6\" data-element_type=\"container\" data-e-type=\"container\" data-settings=\"{&quot;background_background&quot;:&quot;classic&quot;}\">\n\t\t\t\t\t<div class=\"e-con-inner\">\n\t\t<div class=\"elementor-element elementor-element-e46b87b e-con-full e-flex e-con e-child\" data-id=\"e46b87b\" data-element_type=\"container\" data-e-type=\"container\" data-settings=\"{&quot;background_background&quot;:&quot;classic&quot;}\">\n\t\t\t\t<div class=\"elementor-element elementor-element-b1e9cf0 elementor-widget elementor-widget-image\" data-id=\"b1e9cf0\" data-element_type=\"widget\" data-e-type=\"widget\" data-widget_type=\"image.default\">\n\t\t\t\t\t\t\t\t\t\t\t\t\t\t\t<img fetchpriority=\"high\" decoding=\"async\" width=\"555\" height=\"250\" src=\"https:\/\/glitzgondim.adv.br\/wp-content\/uploads\/2025\/12\/Selos_Responsabilidade_Social.png\" class=\"attachment-large size-large wp-image-187\" alt=\"Responsabilidade Social escritorio de advocacia em curitiba\" srcset=\"https:\/\/glitzgondim.adv.br\/wp-content\/uploads\/2025\/12\/Selos_Responsabilidade_Social.png 555w, https:\/\/glitzgondim.adv.br\/wp-content\/uploads\/2025\/12\/Selos_Responsabilidade_Social-300x135.png 300w\" sizes=\"(max-width: 555px) 100vw, 555px\" \/>\t\t\t\t\t\t\t\t\t\t\t\t\t\t\t<\/div>\n\t\t<div class=\"elementor-element elementor-element-c1d17e4 e-con-full e-flex e-con e-child\" data-id=\"c1d17e4\" data-element_type=\"container\" data-e-type=\"container\">\n\t\t<div class=\"elementor-element elementor-element-398663f e-con-full e-flex e-con e-child\" data-id=\"398663f\" data-element_type=\"container\" data-e-type=\"container\">\n\t\t\t\t<div class=\"elementor-element elementor-element-48c94a3 elementor-widget elementor-widget-text-editor\" data-id=\"48c94a3\" data-element_type=\"widget\" data-e-type=\"widget\" data-widget_type=\"text-editor.default\">\n\t\t\t\t\t\t\t\t\t<p><strong>Glitz &amp; Gondim Legal Consultancy supports this cause.<\/strong><\/p><p>The Pel\u00e9 Pequeno Pr\u00edncipe Research Institute is the scientific research unit of the Pequeno Pr\u00edncipe Complex, which also includes the Pequeno Pr\u00edncipe Hospital and the Pequeno Pr\u00edncipe Colleges.<\/p><p>Founded in 2005, the institute brings together 15 researchers currently conducting 50 scientific studies aimed at improving the treatment and cure of complex diseases affecting children and adolescents. Its results place the institute at the forefront of scientific research in Brazil and demonstrate strong potential for broader application in pediatric healthcare. One study, for example, directly contributed to saving the lives of patients with a specific type of cancer, while another enabled paraplegic rats to walk again \u2014 a breakthrough that may lead to future benefits for humans.<\/p>\t\t\t\t\t\t\t\t<\/div>\n\t\t\t\t<\/div>\n\t\t<div class=\"elementor-element elementor-element-370f8dd e-con-full e-flex e-con e-child\" data-id=\"370f8dd\" data-element_type=\"container\" data-e-type=\"container\">\n\t\t\t\t<div class=\"elementor-element elementor-element-40f10cb elementor-widget elementor-widget-text-editor\" data-id=\"40f10cb\" data-element_type=\"widget\" data-e-type=\"widget\" data-widget_type=\"text-editor.default\">\n\t\t\t\t\t\t\t\t\t<p>The Institute is the only social organization in the world officially endorsed by Pel\u00e9. The legendary \u201cKing of Football\u201d saw in the IPP the best way to support children and adolescents in Brazil,  in the same spirit as the famous tribute he made upon scoring his historic 1,000th goal.<\/p><p>Pel\u00e9\u2019s involvement led to the creation of a fundraising platform called Goals for Life, which helps support the sustainability of the Institute\u2019s work.<br \/>In summary, supporting the Institute means contributing to a cause that can benefit children around the world. The research lines developed include the following:<\/p><p>Cell Therapy and Biotechnology in Regenerative Medicine<br \/>Neuropsychopharmacology and Qualitative Research<br \/>Methods for Early Diagnosis and Treatment of Cancer and Blood Disorders<br \/>Geomatics in Medicine (Geomedi\u0441ine)<br \/>Telemedicine<br \/>Sensors, Medical Imaging, and Radiotherapy<br \/>Infectious Diseases in Pediatrics and Adolescence<br \/>Pathophysiology of Immunological Diseases<br \/>Biotechnology and Natural Compounds<br \/>Clinical Research Center<\/p><p class=\"translation-block\">For more information, visit the Goals for Life website.<\/p>\t\t\t\t\t\t\t\t<\/div>\n\t\t\t\t<\/div>\n\t\t\t\t<\/div>\n\t\t\t\t<\/div>\n\t\t<div class=\"elementor-element elementor-element-06032a1 e-con-full e-flex e-con e-child\" data-id=\"06032a1\" data-element_type=\"container\" data-e-type=\"container\" data-settings=\"{&quot;background_background&quot;:&quot;classic&quot;}\">\n\t\t\t\t<div class=\"elementor-element elementor-element-653f935 elementor-widget elementor-widget-image\" data-id=\"653f935\" data-element_type=\"widget\" data-e-type=\"widget\" data-widget_type=\"image.default\">\n\t\t\t\t\t\t\t\t\t\t\t\t\t\t\t<img decoding=\"async\" width=\"583\" height=\"340\" src=\"https:\/\/glitzgondim.adv.br\/wp-content\/uploads\/2025\/12\/gang_do_bem-1.jpg\" class=\"attachment-large size-large wp-image-197\" alt=\"\" srcset=\"https:\/\/glitzgondim.adv.br\/wp-content\/uploads\/2025\/12\/gang_do_bem-1.jpg 583w, https:\/\/glitzgondim.adv.br\/wp-content\/uploads\/2025\/12\/gang_do_bem-1-300x175.jpg 300w\" sizes=\"(max-width: 583px) 100vw, 583px\" \/>\t\t\t\t\t\t\t\t\t\t\t\t\t\t\t<\/div>\n\t\t\t\t<div class=\"elementor-element elementor-element-f504b8e elementor-widget__width-initial elementor-widget elementor-widget-text-editor\" data-id=\"f504b8e\" data-element_type=\"widget\" data-e-type=\"widget\" data-widget_type=\"text-editor.default\">\n\t\t\t\t\t\t\t\t\t<p>Comunidade multirra\u00e7as e multiesp\u00e9cies que promove a\u00e7\u00f5es sociais em prol da causa animal, eventos, parcerias e benef\u00edcios exclusivos para amantes de pets.<\/p><p class=\"translation-block\">For more information, visit Goldenl\u00edcia.<\/p>\t\t\t\t\t\t\t\t<\/div>\n\t\t\t\t<\/div>\n\t\t<div class=\"elementor-element elementor-element-65a388b e-con-full e-flex e-con e-child\" data-id=\"65a388b\" data-element_type=\"container\" data-e-type=\"container\" data-settings=\"{&quot;background_background&quot;:&quot;classic&quot;}\">\n\t\t\t\t<div class=\"elementor-element elementor-element-39d5747 elementor-widget elementor-widget-image\" data-id=\"39d5747\" data-element_type=\"widget\" data-e-type=\"widget\" data-widget_type=\"image.default\">\n\t\t\t\t\t\t\t\t\t\t\t\t\t\t\t<img decoding=\"async\" width=\"583\" height=\"199\" src=\"https:\/\/glitzgondim.adv.br\/wp-content\/uploads\/2025\/12\/logo_WEP.jpg\" class=\"attachment-large size-large wp-image-204\" alt=\"\" srcset=\"https:\/\/glitzgondim.adv.br\/wp-content\/uploads\/2025\/12\/logo_WEP.jpg 583w, https:\/\/glitzgondim.adv.br\/wp-content\/uploads\/2025\/12\/logo_WEP-300x102.jpg 300w\" sizes=\"(max-width: 583px) 100vw, 583px\" \/>\t\t\t\t\t\t\t\t\t\t\t\t\t\t\t<\/div>\n\t\t\t\t<div class=\"elementor-element elementor-element-147076b elementor-widget__width-initial elementor-widget elementor-widget-text-editor\" data-id=\"147076b\" data-element_type=\"widget\" data-e-type=\"widget\" data-widget_type=\"text-editor.default\">\n\t\t\t\t\t\t\t\t\t<p>The Women\u2019s Empowerment Principles (WEPs) are a set of guidelines that provide companies with direction on how to promote gender equality and empower women in the workplace, the marketplace, and the community.<\/p><p class=\"translation-block\">For more information, visit the WEPs website.<\/p>\t\t\t\t\t\t\t\t<\/div>\n\t\t\t\t<\/div>\n\t\t\t\t\t<\/div>\n\t\t\t\t<\/div>\n\t\t\t\t<\/div>","protected":false},"excerpt":{"rendered":"<p>Responsabilidade Social O Escrit\u00f3rio Glitz &amp; Gondim apoia esta causa. O Instituto de Pesquisa Pel\u00e9 Pequeno Pr\u00edncipe \u00e9 a unidade [&hellip;]<\/p>\n","protected":false},"author":1,"featured_media":0,"parent":0,"menu_order":0,"comment_status":"closed","ping_status":"closed","template":"elementor_header_footer","meta":{"_acf_changed":false,"site-sidebar-layout":"no-sidebar","site-content-layout":"","ast-site-content-layout":"full-width-container","site-content-style":"default","site-sidebar-style":"default","ast-global-header-display":"","ast-banner-title-visibility":"","ast-main-header-display":"","ast-hfb-above-header-display":"","ast-hfb-below-header-display":"","ast-hfb-mobile-header-display":"","site-post-title":"disabled","ast-breadcrumbs-content":"","ast-featured-img":"disabled","footer-sml-layout":"","ast-disable-related-posts":"","theme-transparent-header-meta":"","adv-header-id-meta":"","stick-header-meta":"","header-above-stick-meta":"","header-main-stick-meta":"","header-below-stick-meta":"","astra-migrate-meta-layouts":"default","ast-page-background-enabled":"default","ast-page-background-meta":{"desktop":{"background-color":"var(--ast-global-color-5)","background-image":"","background-repeat":"repeat","background-position":"center center","background-size":"auto","background-attachment":"scroll","background-type":"","background-media":"","overlay-type":"","overlay-color":"","overlay-opacity":"","overlay-gradient":""},"tablet":{"background-color":"","background-image":"","background-repeat":"repeat","background-position":"center center","background-size":"auto","background-attachment":"scroll","background-type":"","background-media":"","overlay-type":"","overlay-color":"","overlay-opacity":"","overlay-gradient":""},"mobile":{"background-color":"","background-image":"","background-repeat":"repeat","background-position":"center center","background-size":"auto","background-attachment":"scroll","background-type":"","background-media":"","overlay-type":"","overlay-color":"","overlay-opacity":"","overlay-gradient":""}},"ast-content-background-meta":{"desktop":{"background-color":"var(--ast-global-color-4)","background-image":"","background-repeat":"repeat","background-position":"center center","background-size":"auto","background-attachment":"scroll","background-type":"","background-media":"","overlay-type":"","overlay-color":"","overlay-opacity":"","overlay-gradient":""},"tablet":{"background-color":"var(--ast-global-color-4)","background-image":"","background-repeat":"repeat","background-position":"center center","background-size":"auto","background-attachment":"scroll","background-type":"","background-media":"","overlay-type":"","overlay-color":"","overlay-opacity":"","overlay-gradient":""},"mobile":{"background-color":"var(--ast-global-color-4)","background-image":"","background-repeat":"repeat","background-position":"center center","background-size":"auto","background-attachment":"scroll","background-type":"","background-media":"","overlay-type":"","overlay-color":"","overlay-opacity":"","overlay-gradient":""}},"footnotes":""},"class_list":["post-17","page","type-page","status-publish","hentry"],"acf":[],"_links":{"self":[{"href":"https:\/\/glitzgondim.adv.br\/en\/wp-json\/wp\/v2\/pages\/17","targetHints":{"allow":["GET"]}}],"collection":[{"href":"https:\/\/glitzgondim.adv.br\/en\/wp-json\/wp\/v2\/pages"}],"about":[{"href":"https:\/\/glitzgondim.adv.br\/en\/wp-json\/wp\/v2\/types\/page"}],"author":[{"embeddable":true,"href":"https:\/\/glitzgondim.adv.br\/en\/wp-json\/wp\/v2\/users\/1"}],"replies":[{"embeddable":true,"href":"https:\/\/glitzgondim.adv.br\/en\/wp-json\/wp\/v2\/comments?post=17"}],"version-history":[{"count":49,"href":"https:\/\/glitzgondim.adv.br\/en\/wp-json\/wp\/v2\/pages\/17\/revisions"}],"predecessor-version":[{"id":213,"href":"https:\/\/glitzgondim.adv.br\/en\/wp-json\/wp\/v2\/pages\/17\/revisions\/213"}],"wp:attachment":[{"href":"https:\/\/glitzgondim.adv.br\/en\/wp-json\/wp\/v2\/media?parent=17"}],"curies":[{"name":"wp","href":"https:\/\/api.w.org\/{rel}","templated":true}]}}